{"id":2095,"date":"2023-05-11T08:42:31","date_gmt":"2023-05-11T13:42:31","guid":{"rendered":"https:\/\/demosites.royal-elementor-addons.com\/fintech-v1\/?page_id=8"},"modified":"2025-02-05T13:50:58","modified_gmt":"2025-02-05T18:50:58","slug":"quienes-somos","status":"publish","type":"page","link":"https:\/\/guiaimpresores.com\/index.php\/quienes-somos\/","title":{"rendered":"\u00bfQuienes somos?"},"content":{"rendered":"\t\t<div data-elementor-type=\"wp-page\" data-elementor-id=\"2095\" class=\"elementor elementor-2095\" data-elementor-post-type=\"page\">\n\t\t\t\t\t\t<section class=\"elementor-section elementor-top-section elementor-element elementor-element-a00e5a5 elementor-section-height-min-height elementor-section-boxed elementor-section-height-default elementor-section-items-middle wpr-particle-no wpr-jarallax-no wpr-parallax-no wpr-sticky-section-no\" data-id=\"a00e5a5\" data-element_type=\"section\" data-settings=\"{&quot;background_background&quot;:&quot;classic&quot;}\">\n\t\t\t\t\t\t<div class=\"elementor-container elementor-column-gap-default\">\n\t\t\t\t\t<div class=\"elementor-column elementor-col-100 elementor-top-column elementor-element elementor-element-cce4de2\" data-id=\"cce4de2\" data-element_type=\"column\">\n\t\t\t<div class=\"elementor-widget-wrap elementor-element-populated\">\n\t\t\t\t\t\t<div class=\"elementor-element elementor-element-b4273bb elementor-widget elementor-widget-heading\" data-id=\"b4273bb\" data-element_type=\"widget\" data-widget_type=\"heading.default\">\n\t\t\t\t<div class=\"elementor-widget-container\">\n\t\t\t\t\t<h2 class=\"elementor-heading-title elementor-size-default\">\u00bfQui\u00e9nes somos?<\/h2>\t\t\t\t<\/div>\n\t\t\t\t<\/div>\n\t\t\t\t\t<\/div>\n\t\t<\/div>\n\t\t\t\t\t<\/div>\n\t\t<\/section>\n\t\t\t\t<section class=\"elementor-section elementor-top-section elementor-element elementor-element-40192dd elementor-section-boxed elementor-section-height-default elementor-section-height-default wpr-particle-no wpr-jarallax-no wpr-parallax-no wpr-sticky-section-no\" data-id=\"40192dd\" data-element_type=\"section\">\n\t\t\t\t\t\t<div class=\"elementor-container elementor-column-gap-wide\">\n\t\t\t\t\t<div class=\"elementor-column elementor-col-50 elementor-top-column elementor-element elementor-element-e0d4b4a elementor-hidden-tablet elementor-hidden-mobile\" data-id=\"e0d4b4a\" data-element_type=\"column\">\n\t\t\t<div class=\"elementor-widget-wrap elementor-element-populated\">\n\t\t\t\t\t\t<div class=\"elementor-element elementor-element-46f0fbc elementor-widget elementor-widget-image\" data-id=\"46f0fbc\" data-element_type=\"widget\" data-widget_type=\"image.default\">\n\t\t\t\t<div class=\"elementor-widget-container\">\n\t\t\t\t\t\t\t\t\t\t\t\t\t\t\t<img fetchpriority=\"high\" decoding=\"async\" width=\"800\" height=\"773\" src=\"https:\/\/guiaimpresores.com\/wp-content\/uploads\/2025\/02\/Tomatodo-tipo-Stanley-personalizado-Guia-Impresores-Ecuador-Articulos-promocionales-en-Quito_Mesa-de-trabajo-1.png\" class=\"attachment-large size-large wp-image-3544\" alt=\"\" srcset=\"https:\/\/guiaimpresores.com\/wp-content\/uploads\/2025\/02\/Tomatodo-tipo-Stanley-personalizado-Guia-Impresores-Ecuador-Articulos-promocionales-en-Quito_Mesa-de-trabajo-1.png 800w, https:\/\/guiaimpresores.com\/wp-content\/uploads\/2025\/02\/Tomatodo-tipo-Stanley-personalizado-Guia-Impresores-Ecuador-Articulos-promocionales-en-Quito_Mesa-de-trabajo-1-300x290.png 300w, https:\/\/guiaimpresores.com\/wp-content\/uploads\/2025\/02\/Tomatodo-tipo-Stanley-personalizado-Guia-Impresores-Ecuador-Articulos-promocionales-en-Quito_Mesa-de-trabajo-1-768x742.png 768w\" sizes=\"(max-width: 800px) 100vw, 800px\" \/>\t\t\t\t\t\t\t\t\t\t\t\t\t\t\t<\/div>\n\t\t\t\t<\/div>\n\t\t\t\t\t<\/div>\n\t\t<\/div>\n\t\t\t\t<div class=\"elementor-column elementor-col-50 elementor-top-column elementor-element elementor-element-254bc30\" data-id=\"254bc30\" data-element_type=\"column\">\n\t\t\t<div class=\"elementor-widget-wrap elementor-element-populated\">\n\t\t\t\t\t\t<div class=\"elementor-element elementor-element-d2305b6 elementor-widget elementor-widget-heading\" data-id=\"d2305b6\" data-element_type=\"widget\" data-widget_type=\"heading.default\">\n\t\t\t\t<div class=\"elementor-widget-container\">\n\t\t\t\t\t<h2 class=\"elementor-heading-title elementor-size-default\">Nuestra Esencia<\/h2>\t\t\t\t<\/div>\n\t\t\t\t<\/div>\n\t\t\t\t<div class=\"elementor-element elementor-element-ad6b5eb elementor-widget elementor-widget-heading\" data-id=\"ad6b5eb\" data-element_type=\"widget\" data-widget_type=\"heading.default\">\n\t\t\t\t<div class=\"elementor-widget-container\">\n\t\t\t\t\t<h2 class=\"elementor-heading-title elementor-size-default\">Impulsando marcas con productos innovadores<\/h2>\t\t\t\t<\/div>\n\t\t\t\t<\/div>\n\t\t\t\t<div class=\"elementor-element elementor-element-101d6ad elementor-widget elementor-widget-text-editor\" data-id=\"101d6ad\" data-element_type=\"widget\" data-widget_type=\"text-editor.default\">\n\t\t\t\t<div class=\"elementor-widget-container\">\n\t\t\t\t\t\t\t\t\t<p>En Gu\u00eda Impresores, somos una empresa ecuatoriana con m\u00e1s de 10 a\u00f1os de experiencia en el sector de art\u00edculos promocionales. Nos especializamos en ofrecer una amplia gama de productos de alta calidad que ayudan a las marcas a destacar en un mercado competitivo.<\/p>\n<p>Nuestro equipo apasionado se dedica a brindar un servicio personalizado, trabajando de la mano contigo para entender tus necesidades y crear soluciones creativas que reflejen la esencia de tu marca.&nbsp;<\/p>\n<p>En Gu\u00eda Impresores, creemos en el poder de la comunicaci\u00f3n visual y en la importancia de construir relaciones s\u00f3lidas con nuestros clientes. Nuestra misi\u00f3n es ayudarte a fortalecer tu presencia en el mercado a trav\u00e9s de productos que no solo informen, sino que tambi\u00e9n inspiren y conecten con tu audiencia.<\/p>\t\t\t\t\t\t\t\t<\/div>\n\t\t\t\t<\/div>\n\t\t\t\t\t<\/div>\n\t\t<\/div>\n\t\t\t\t\t<\/div>\n\t\t<\/section>\n\t\t\t\t<section class=\"elementor-section elementor-top-section elementor-element elementor-element-61ecbc1 elementor-section-boxed elementor-section-height-default elementor-section-height-default wpr-particle-no wpr-jarallax-no wpr-parallax-no wpr-sticky-section-no\" data-id=\"61ecbc1\" data-element_type=\"section\" data-settings=\"{&quot;background_background&quot;:&quot;classic&quot;}\">\n\t\t\t\t\t\t\t<div class=\"elementor-background-overlay\"><\/div>\n\t\t\t\t\t\t\t<div class=\"elementor-container elementor-column-gap-wide\">\n\t\t\t\t\t<div class=\"elementor-column elementor-col-50 elementor-top-column elementor-element elementor-element-6399197\" data-id=\"6399197\" data-element_type=\"column\">\n\t\t\t<div class=\"elementor-widget-wrap elementor-element-populated\">\n\t\t\t\t\t\t<div class=\"elementor-element elementor-element-ff48cb7 elementor-widget elementor-widget-heading\" data-id=\"ff48cb7\" data-element_type=\"widget\" data-widget_type=\"heading.default\">\n\t\t\t\t<div class=\"elementor-widget-container\">\n\t\t\t\t\t<h2 class=\"elementor-heading-title elementor-size-default\">\u00bfQu\u00e9 soluciones ofrecemos?<\/h2>\t\t\t\t<\/div>\n\t\t\t\t<\/div>\n\t\t\t\t<div class=\"elementor-element elementor-element-7bd3fba elementor-widget elementor-widget-heading\" data-id=\"7bd3fba\" data-element_type=\"widget\" data-widget_type=\"heading.default\">\n\t\t\t\t<div class=\"elementor-widget-container\">\n\t\t\t\t\t<h2 class=\"elementor-heading-title elementor-size-default\">Tu marca, mas cerca de tus clientes<\/h2>\t\t\t\t<\/div>\n\t\t\t\t<\/div>\n\t\t\t\t<div class=\"elementor-element elementor-element-e5e8581 elementor-widget-laptop__width-initial elementor-widget elementor-widget-text-editor\" data-id=\"e5e8581\" data-element_type=\"widget\" data-widget_type=\"text-editor.default\">\n\t\t\t\t<div class=\"elementor-widget-container\">\n\t\t\t\t\t\t\t\t\t<ul><li>Estrategias que conectan con tu audiencia.<\/li><li>Productos que elevan tu identidad.<\/li><li>Soluciones r\u00e1pidas y eficientes.<\/li><li>Resultados que generan impacto.<\/li><\/ul><p>\u00a0<\/p>\t\t\t\t\t\t\t\t<\/div>\n\t\t\t\t<\/div>\n\t\t\t\t<div class=\"elementor-element elementor-element-decff5d wpr-button-icon-style-inline wpr-button-icon-position-right elementor-widget elementor-widget-wpr-button\" data-id=\"decff5d\" data-element_type=\"widget\" data-widget_type=\"wpr-button.default\">\n\t\t\t\t<div class=\"elementor-widget-container\">\n\t\t\t\t\t\t\n\t\t\t\n\t\t\n\t\t<div class=\"wpr-button-wrap elementor-clearfix\">\n\t\t<a class=\"wpr-button wpr-button-effect wpr-button-none\" data-text=\"Go\" href=\"https:\/\/guiaimpresores.com\/index.php\/contact\/\">\n\t\t\t\n\t\t\t<span class=\"wpr-button-content\">\n\t\t\t\t\t\t\t\t\t<span class=\"wpr-button-text\">Cont\u00e1ctanos<\/span>\n\t\t\t\t\t\t\t\t\n\t\t\t\t\t\t\t<\/span>\n\t\t<\/a>\n\n\t\t\t\t<\/div>\n\t\n\t\n\t\t\t\t\t<\/div>\n\t\t\t\t<\/div>\n\t\t\t\t\t<\/div>\n\t\t<\/div>\n\t\t\t\t<div class=\"elementor-column elementor-col-50 elementor-top-column elementor-element elementor-element-394ad36 elementor-hidden-tablet elementor-hidden-mobile\" data-id=\"394ad36\" data-element_type=\"column\">\n\t\t\t<div class=\"elementor-widget-wrap elementor-element-populated\">\n\t\t\t\t<div class=\"elementor-element elementor-element-b541ae8 e-grid e-con-boxed wpr-particle-no wpr-jarallax-no wpr-parallax-no wpr-sticky-section-no e-con e-parent\" data-id=\"b541ae8\" data-element_type=\"container\">\n\t\t\t\t\t<div class=\"e-con-inner\">\n\t\t\t\t<div class=\"elementor-element elementor-element-80d75fb elementor-position-top elementor-widget elementor-widget-image-box\" data-id=\"80d75fb\" data-element_type=\"widget\" data-widget_type=\"image-box.default\">\n\t\t\t\t<div class=\"elementor-widget-container\">\n\t\t\t\t\t<div class=\"elementor-image-box-wrapper\"><figure class=\"elementor-image-box-img\"><img decoding=\"async\" width=\"491\" height=\"491\" src=\"https:\/\/guiaimpresores.com\/wp-content\/uploads\/2024\/10\/5iconos-botones-.png\" class=\"attachment-full size-full wp-image-2693\" alt=\"\" srcset=\"https:\/\/guiaimpresores.com\/wp-content\/uploads\/2024\/10\/5iconos-botones-.png 491w, https:\/\/guiaimpresores.com\/wp-content\/uploads\/2024\/10\/5iconos-botones--300x300.png 300w, https:\/\/guiaimpresores.com\/wp-content\/uploads\/2024\/10\/5iconos-botones--150x150.png 150w\" sizes=\"(max-width: 491px) 100vw, 491px\" \/><\/figure><div class=\"elementor-image-box-content\"><h3 class=\"elementor-image-box-title\">ATENCION PERSONALIZADA<\/h3><p class=\"elementor-image-box-description\">Sabemos que cada cliente es \u00fanico.\nNos dedicamos a entender tus necesidades para ofrecerte soluciones\nque se adapten a tus requerimientos exactos.<\/p><\/div><\/div>\t\t\t\t<\/div>\n\t\t\t\t<\/div>\n\t\t\t\t<div class=\"elementor-element elementor-element-0fb0cf7 elementor-position-top elementor-widget elementor-widget-image-box\" data-id=\"0fb0cf7\" data-element_type=\"widget\" data-widget_type=\"image-box.default\">\n\t\t\t\t<div class=\"elementor-widget-container\">\n\t\t\t\t\t<div class=\"elementor-image-box-wrapper\"><figure class=\"elementor-image-box-img\"><img decoding=\"async\" width=\"491\" height=\"491\" src=\"https:\/\/guiaimpresores.com\/wp-content\/uploads\/2024\/10\/4iconos-botones-.png\" class=\"attachment-full size-full wp-image-2692\" alt=\"\" srcset=\"https:\/\/guiaimpresores.com\/wp-content\/uploads\/2024\/10\/4iconos-botones-.png 491w, https:\/\/guiaimpresores.com\/wp-content\/uploads\/2024\/10\/4iconos-botones--300x300.png 300w, https:\/\/guiaimpresores.com\/wp-content\/uploads\/2024\/10\/4iconos-botones--150x150.png 150w\" sizes=\"(max-width: 491px) 100vw, 491px\" \/><\/figure><div class=\"elementor-image-box-content\"><h3 class=\"elementor-image-box-title\">AMPLIA GAMA DE PRODUCTOS<\/h3><p class=\"elementor-image-box-description\">Disponemos de una extensa variedad de art\u00edculos promocionales que se\najustan a cualquier tipo de campana<\/p><\/div><\/div>\t\t\t\t<\/div>\n\t\t\t\t<\/div>\n\t\t\t\t<div class=\"elementor-element elementor-element-728904e elementor-position-top elementor-widget elementor-widget-image-box\" data-id=\"728904e\" data-element_type=\"widget\" data-widget_type=\"image-box.default\">\n\t\t\t\t<div class=\"elementor-widget-container\">\n\t\t\t\t\t<div class=\"elementor-image-box-wrapper\"><figure class=\"elementor-image-box-img\"><img loading=\"lazy\" decoding=\"async\" width=\"491\" height=\"491\" src=\"https:\/\/guiaimpresores.com\/wp-content\/uploads\/2024\/10\/3iconos-botones-.png\" class=\"attachment-full size-full wp-image-2691\" alt=\"\" srcset=\"https:\/\/guiaimpresores.com\/wp-content\/uploads\/2024\/10\/3iconos-botones-.png 491w, https:\/\/guiaimpresores.com\/wp-content\/uploads\/2024\/10\/3iconos-botones--300x300.png 300w, https:\/\/guiaimpresores.com\/wp-content\/uploads\/2024\/10\/3iconos-botones--150x150.png 150w\" sizes=\"(max-width: 491px) 100vw, 491px\" \/><\/figure><div class=\"elementor-image-box-content\"><h3 class=\"elementor-image-box-title\">CONTROL CALIDAD<\/h3><p class=\"elementor-image-box-description\">Garantizamos la calidad en cada uno de nuestros productos para asegurar que siempre obtengas el mejor resultado..<\/p><\/div><\/div>\t\t\t\t<\/div>\n\t\t\t\t<\/div>\n\t\t\t\t<div class=\"elementor-element elementor-element-c02f6d2 elementor-position-top elementor-widget elementor-widget-image-box\" data-id=\"c02f6d2\" data-element_type=\"widget\" data-widget_type=\"image-box.default\">\n\t\t\t\t<div class=\"elementor-widget-container\">\n\t\t\t\t\t<div class=\"elementor-image-box-wrapper\"><figure class=\"elementor-image-box-img\"><img loading=\"lazy\" decoding=\"async\" width=\"491\" height=\"491\" src=\"https:\/\/guiaimpresores.com\/wp-content\/uploads\/2024\/10\/2iconos-botones-.png\" class=\"attachment-full size-full wp-image-2690\" alt=\"\" srcset=\"https:\/\/guiaimpresores.com\/wp-content\/uploads\/2024\/10\/2iconos-botones-.png 491w, https:\/\/guiaimpresores.com\/wp-content\/uploads\/2024\/10\/2iconos-botones--300x300.png 300w, https:\/\/guiaimpresores.com\/wp-content\/uploads\/2024\/10\/2iconos-botones--150x150.png 150w\" sizes=\"(max-width: 491px) 100vw, 491px\" \/><\/figure><div class=\"elementor-image-box-content\"><h3 class=\"elementor-image-box-title\">COBERTURA Y ENVIO NACIONAL<\/h3><p class=\"elementor-image-box-description\">Ofrecemos servicios de entrega en todo el pa\u00eds, asegurando que tus productos llequen a tiempo y en perfectas condiciones.<\/p><\/div><\/div>\t\t\t\t<\/div>\n\t\t\t\t<\/div>\n\t\t\t\t\t<\/div>\n\t\t\t\t<\/div>\n\t\t\t\t\t<\/div>\n\t\t<\/div>\n\t\t\t\t\t<\/div>\n\t\t<\/section>\n\t\t<div class=\"elementor-element elementor-element-71d4f0f e-grid e-con-full wpr-particle-no wpr-jarallax-no wpr-parallax-no wpr-sticky-section-no e-con e-parent\" data-id=\"71d4f0f\" data-element_type=\"container\" data-settings=\"{&quot;background_background&quot;:&quot;classic&quot;,&quot;background_motion_fx_motion_fx_scrolling&quot;:&quot;yes&quot;,&quot;background_motion_fx_translateY_effect&quot;:&quot;yes&quot;,&quot;background_motion_fx_translateY_speed&quot;:{&quot;unit&quot;:&quot;px&quot;,&quot;size&quot;:4,&quot;sizes&quot;:[]},&quot;background_motion_fx_translateY_affectedRange&quot;:{&quot;unit&quot;:&quot;%&quot;,&quot;size&quot;:&quot;&quot;,&quot;sizes&quot;:{&quot;start&quot;:0,&quot;end&quot;:100}},&quot;background_motion_fx_devices&quot;:[&quot;desktop&quot;,&quot;laptop&quot;,&quot;tablet&quot;,&quot;mobile&quot;]}\">\n\t\t<div class=\"elementor-element elementor-element-bce5227 e-con-full e-flex wpr-particle-no wpr-jarallax-no wpr-parallax-no wpr-sticky-section-no e-con e-child\" data-id=\"bce5227\" data-element_type=\"container\">\n\t\t\t\t<\/div>\n\t\t<div class=\"elementor-element elementor-element-bcfc646 e-con-full e-flex wpr-particle-no wpr-jarallax-no wpr-parallax-no wpr-sticky-section-no e-con e-child\" data-id=\"bcfc646\" data-element_type=\"container\">\n\t\t\t\t<div class=\"elementor-element elementor-element-b5b888a elementor-widget elementor-widget-heading\" data-id=\"b5b888a\" data-element_type=\"widget\" data-widget_type=\"heading.default\">\n\t\t\t\t<div class=\"elementor-widget-container\">\n\t\t\t\t\t<h2 class=\"elementor-heading-title elementor-size-default\">Nuestro Compromiso con la Excelencia<\/h2>\t\t\t\t<\/div>\n\t\t\t\t<\/div>\n\t\t\t\t<div class=\"elementor-element elementor-element-2a3320b elementor-hidden-mobile elementor-widget elementor-widget-text-editor\" data-id=\"2a3320b\" data-element_type=\"widget\" data-widget_type=\"text-editor.default\">\n\t\t\t\t<div class=\"elementor-widget-container\">\n\t\t\t\t\t\t\t\t\t<p><strong>Desde nuestro inicio, hemos dedicado nuestros esfuerzos a ofrecer productos y servicios de la m\u00e1s alta calidad. A lo largo de estos a\u00f1os, hemos tenido el privilegio de ganar la confianza y lealtad de una impresionante base de clientes y de ampliar continuamente nuestra oferta de productos.<\/strong><\/p>\t\t\t\t\t\t\t\t<\/div>\n\t\t\t\t<\/div>\n\t\t\t\t<\/div>\n\t\t<div class=\"elementor-element elementor-element-a6ee74e e-con-full e-flex wpr-particle-no wpr-jarallax-no wpr-parallax-no wpr-sticky-section-no e-con e-child\" data-id=\"a6ee74e\" data-element_type=\"container\">\n\t\t\t\t<\/div>\n\t\t\t\t<div class=\"elementor-element elementor-element-2f165f3 elementor-widget elementor-widget-counter\" data-id=\"2f165f3\" data-element_type=\"widget\" data-widget_type=\"counter.default\">\n\t\t\t\t<div class=\"elementor-widget-container\">\n\t\t\t\t\t\t\t<div class=\"elementor-counter\">\n\t\t\t<div class=\"elementor-counter-title\">Clientes asociados<\/div>\t\t\t<div class=\"elementor-counter-number-wrapper\">\n\t\t\t\t<span class=\"elementor-counter-number-prefix\"><\/span>\n\t\t\t\t<span class=\"elementor-counter-number\" data-duration=\"2000\" data-to-value=\"100\" data-from-value=\"0\" data-delimiter=\",\">0<\/span>\n\t\t\t\t<span class=\"elementor-counter-number-suffix\"><\/span>\n\t\t\t<\/div>\n\t\t<\/div>\n\t\t\t\t\t\t<\/div>\n\t\t\t\t<\/div>\n\t\t\t\t<div class=\"elementor-element elementor-element-b302206 elementor-widget elementor-widget-counter\" data-id=\"b302206\" data-element_type=\"widget\" data-widget_type=\"counter.default\">\n\t\t\t\t<div class=\"elementor-widget-container\">\n\t\t\t\t\t\t\t<div class=\"elementor-counter\">\n\t\t\t<div class=\"elementor-counter-title\">Productos disponibles<\/div>\t\t\t<div class=\"elementor-counter-number-wrapper\">\n\t\t\t\t<span class=\"elementor-counter-number-prefix\">+<\/span>\n\t\t\t\t<span class=\"elementor-counter-number\" data-duration=\"2000\" data-to-value=\"200\" data-from-value=\"0\" data-delimiter=\",\">0<\/span>\n\t\t\t\t<span class=\"elementor-counter-number-suffix\"><\/span>\n\t\t\t<\/div>\n\t\t<\/div>\n\t\t\t\t\t\t<\/div>\n\t\t\t\t<\/div>\n\t\t\t\t<div class=\"elementor-element elementor-element-1753ce7 elementor-widget elementor-widget-counter\" data-id=\"1753ce7\" data-element_type=\"widget\" data-widget_type=\"counter.default\">\n\t\t\t\t<div class=\"elementor-widget-container\">\n\t\t\t\t\t\t\t<div class=\"elementor-counter\">\n\t\t\t<div class=\"elementor-counter-title\">A\u00f1os en el mercado<\/div>\t\t\t<div class=\"elementor-counter-number-wrapper\">\n\t\t\t\t<span class=\"elementor-counter-number-prefix\">+<\/span>\n\t\t\t\t<span class=\"elementor-counter-number\" data-duration=\"2000\" data-to-value=\"10\" data-from-value=\"0\" data-delimiter=\",\">0<\/span>\n\t\t\t\t<span class=\"elementor-counter-number-suffix\"><\/span>\n\t\t\t<\/div>\n\t\t<\/div>\n\t\t\t\t\t\t<\/div>\n\t\t\t\t<\/div>\n\t\t\t\t<\/div>\n\t\t\t\t<section class=\"elementor-section elementor-top-section elementor-element elementor-element-e22e0d0 elementor-section-boxed elementor-section-height-default elementor-section-height-default wpr-particle-no wpr-jarallax-no wpr-parallax-no wpr-sticky-section-no\" data-id=\"e22e0d0\" data-element_type=\"section\">\n\t\t\t\t\t\t<div class=\"elementor-container elementor-column-gap-wide\">\n\t\t\t\t\t<div class=\"elementor-column elementor-col-50 elementor-top-column elementor-element elementor-element-2a18535\" data-id=\"2a18535\" data-element_type=\"column\">\n\t\t\t<div class=\"elementor-widget-wrap elementor-element-populated\">\n\t\t\t\t\t\t<div class=\"elementor-element elementor-element-23890d4 elementor-hidden-tablet elementor-invisible elementor-widget elementor-widget-image\" data-id=\"23890d4\" data-element_type=\"widget\" data-settings=\"{&quot;_animation&quot;:&quot;fadeInDown&quot;}\" data-widget_type=\"image.default\">\n\t\t\t\t<div class=\"elementor-widget-container\">\n\t\t\t\t\t\t\t\t\t\t\t\t\t\t\t<img loading=\"lazy\" decoding=\"async\" width=\"960\" height=\"960\" src=\"https:\/\/guiaimpresores.com\/wp-content\/uploads\/2024\/10\/IMAGEN-QUIENES-SOMOS-1024x1024.png\" class=\"attachment-large size-large wp-image-3091\" alt=\"\" srcset=\"https:\/\/guiaimpresores.com\/wp-content\/uploads\/2024\/10\/IMAGEN-QUIENES-SOMOS-1024x1024.png 1024w, https:\/\/guiaimpresores.com\/wp-content\/uploads\/2024\/10\/IMAGEN-QUIENES-SOMOS-300x300.png 300w, https:\/\/guiaimpresores.com\/wp-content\/uploads\/2024\/10\/IMAGEN-QUIENES-SOMOS-150x150.png 150w, https:\/\/guiaimpresores.com\/wp-content\/uploads\/2024\/10\/IMAGEN-QUIENES-SOMOS-768x768.png 768w, https:\/\/guiaimpresores.com\/wp-content\/uploads\/2024\/10\/IMAGEN-QUIENES-SOMOS.png 1080w\" sizes=\"(max-width: 960px) 100vw, 960px\" \/>\t\t\t\t\t\t\t\t\t\t\t\t\t\t\t<\/div>\n\t\t\t\t<\/div>\n\t\t\t\t\t<\/div>\n\t\t<\/div>\n\t\t\t\t<div class=\"elementor-column elementor-col-50 elementor-top-column elementor-element elementor-element-064b209\" data-id=\"064b209\" data-element_type=\"column\">\n\t\t\t<div class=\"elementor-widget-wrap elementor-element-populated\">\n\t\t\t\t\t\t<div class=\"elementor-element elementor-element-4fc2af5 elementor-widget elementor-widget-heading\" data-id=\"4fc2af5\" data-element_type=\"widget\" data-widget_type=\"heading.default\">\n\t\t\t\t<div class=\"elementor-widget-container\">\n\t\t\t\t\t<h2 class=\"elementor-heading-title elementor-size-default\">\u00bfCOMO LO HACEMOS?<\/h2>\t\t\t\t<\/div>\n\t\t\t\t<\/div>\n\t\t\t\t<div class=\"elementor-element elementor-element-5bef783 elementor-widget elementor-widget-heading\" data-id=\"5bef783\" data-element_type=\"widget\" data-widget_type=\"heading.default\">\n\t\t\t\t<div class=\"elementor-widget-container\">\n\t\t\t\t\t<h2 class=\"elementor-heading-title elementor-size-default\">Cuidamos cada proceso para ofrecerte productos \u00fanicos.<\/h2>\t\t\t\t<\/div>\n\t\t\t\t<\/div>\n\t\t\t\t<div class=\"elementor-element elementor-element-2aa2bef elementor-widget-laptop__width-initial elementor-widget-mobile__width-initial elementor-widget elementor-widget-text-editor\" data-id=\"2aa2bef\" data-element_type=\"widget\" data-widget_type=\"text-editor.default\">\n\t\t\t\t<div class=\"elementor-widget-container\">\n\t\t\t\t\t\t\t\t\t<p>En Gu\u00eda Impresores, cuidamos cada detalle, desde la selecci\u00f3n de materiales hasta la entrega final, garantizando productos promocionales de alta calidad que reflejan la identidad de tu marca.<\/p>\t\t\t\t\t\t\t\t<\/div>\n\t\t\t\t<\/div>\n\t\t\t\t<div class=\"elementor-element elementor-element-30550c7 wpr-button-icon-style-inline wpr-button-icon-position-right elementor-widget elementor-widget-wpr-button\" data-id=\"30550c7\" data-element_type=\"widget\" data-widget_type=\"wpr-button.default\">\n\t\t\t\t<div class=\"elementor-widget-container\">\n\t\t\t\t\t\t\n\t\t\t\n\t\t\n\t\t<div class=\"wpr-button-wrap elementor-clearfix\">\n\t\t<a class=\"wpr-button wpr-button-effect wpr-button-none\" data-text=\"Go\" href=\"https:\/\/guiaimpresores.com\/index.php\/contact\/\">\n\t\t\t\n\t\t\t<span class=\"wpr-button-content\">\n\t\t\t\t\t\t\t\t\t<span class=\"wpr-button-text\">Cont\u00e1tanos<\/span>\n\t\t\t\t\t\t\t\t\n\t\t\t\t\t\t\t<\/span>\n\t\t<\/a>\n\n\t\t\t\t<\/div>\n\t\n\t\n\t\t\t\t\t<\/div>\n\t\t\t\t<\/div>\n\t\t\t\t\t<\/div>\n\t\t<\/div>\n\t\t\t\t\t<\/div>\n\t\t<\/section>\n\t\t\t\t<\/div>\n\t\t","protected":false},"excerpt":{"rendered":"<p>\u00bfQui\u00e9nes somos? Nuestra Esencia Impulsando marcas con productos innovadores En Gu\u00eda Impresores, somos una empresa ecuatoriana con m\u00e1s de 10 a\u00f1os de experiencia en el sector de art\u00edculos promocionales. Nos especializamos en ofrecer una amplia gama de productos de alta calidad que ayudan a las marcas a destacar en un mercado competitivo. Nuestro equipo apasionado se dedica a brindar un servicio personalizado, trabajando de la mano contigo para entender tus necesidades y crear soluciones creativas que reflejen la esencia de tu marca.&nbsp; En Gu\u00eda Impresores, creemos en el poder de la comunicaci\u00f3n visual y en la importancia de construir relaciones s\u00f3lidas con nuestros clientes. Nuestra misi\u00f3n es ayudarte a fortalecer tu presencia en el mercado a trav\u00e9s de productos que no solo informen, sino que tambi\u00e9n inspiren y conecten con tu audiencia. \u00bfQu\u00e9 soluciones ofrecemos? Tu marca, mas cerca de tus clientes Estrategias que conectan con tu audiencia. Productos que elevan tu identidad. Soluciones r\u00e1pidas y eficientes. Resultados que generan impacto. \u00a0 Cont\u00e1ctanos ATENCION PERSONALIZADA Sabemos que cada cliente es \u00fanico. Nos dedicamos a entender tus necesidades para ofrecerte soluciones que se adapten a tus requerimientos exactos. AMPLIA GAMA DE PRODUCTOS Disponemos de una extensa variedad de art\u00edculos promocionales que se ajustan a cualquier tipo de campana CONTROL CALIDAD Garantizamos la calidad en cada uno de nuestros productos para asegurar que siempre obtengas el mejor resultado.. COBERTURA Y ENVIO NACIONAL Ofrecemos servicios de entrega en todo el pa\u00eds, asegurando que tus productos llequen a tiempo y en perfectas condiciones. Nuestro Compromiso con la Excelencia Desde nuestro inicio, hemos dedicado nuestros esfuerzos a ofrecer productos y servicios de la m\u00e1s alta calidad. A lo largo de estos a\u00f1os, hemos tenido el privilegio de ganar la confianza y lealtad de una impresionante base de clientes y de ampliar continuamente nuestra oferta de productos. Clientes asociados 0 Productos disponibles + 0 A\u00f1os en el mercado + 0 \u00bfCOMO LO HACEMOS? Cuidamos cada proceso para ofrecerte productos \u00fanicos. En Gu\u00eda Impresores, cuidamos cada detalle, desde la selecci\u00f3n de materiales hasta la entrega final, garantizando productos promocionales de alta calidad que reflejan la identidad de tu marca. Cont\u00e1tanos<\/p>\n","protected":false},"author":1,"featured_media":0,"parent":0,"menu_order":0,"comment_status":"closed","ping_status":"closed","template":"elementor_canvas","meta":{"footnotes":""},"class_list":["post-2095","page","type-page","status-publish","hentry"],"jetpack_sharing_enabled":true,"_links":{"self":[{"href":"https:\/\/guiaimpresores.com\/index.php\/wp-json\/wp\/v2\/pages\/2095","targetHints":{"allow":["GET"]}}],"collection":[{"href":"https:\/\/guiaimpresores.com\/index.php\/wp-json\/wp\/v2\/pages"}],"about":[{"href":"https:\/\/guiaimpresores.com\/index.php\/wp-json\/wp\/v2\/types\/page"}],"author":[{"embeddable":true,"href":"https:\/\/guiaimpresores.com\/index.php\/wp-json\/wp\/v2\/users\/1"}],"replies":[{"embeddable":true,"href":"https:\/\/guiaimpresores.com\/index.php\/wp-json\/wp\/v2\/comments?post=2095"}],"version-history":[{"count":223,"href":"https:\/\/guiaimpresores.com\/index.php\/wp-json\/wp\/v2\/pages\/2095\/revisions"}],"predecessor-version":[{"id":3574,"href":"https:\/\/guiaimpresores.com\/index.php\/wp-json\/wp\/v2\/pages\/2095\/revisions\/3574"}],"wp:attachment":[{"href":"https:\/\/guiaimpresores.com\/index.php\/wp-json\/wp\/v2\/media?parent=2095"}],"curies":[{"name":"wp","href":"https:\/\/api.w.org\/{rel}","templated":true}]}}